{"id":1390,"date":"2025-03-04T10:22:43","date_gmt":"2025-03-04T09:22:43","guid":{"rendered":"https:\/\/mandoline.info\/?page_id=1390"},"modified":"2025-11-18T09:45:31","modified_gmt":"2025-11-18T08:45:31","slug":"duo-14strings-johannes-boskamp-und-michael-reichenbach","status":"publish","type":"page","link":"https:\/\/mandoline.info\/?page_id=1390","title":{"rendered":"Duo 14strings"},"content":{"rendered":"<style>.wp-block-kadence-advancedgallery.kb-gallery-wrap-id-1390_6d424d-dc{overflow:hidden;}.kb-gallery-type-carousel.kb-gallery-id-1390_6d424d-dc .kt-blocks-carousel .kt-blocks-carousel-init:not( .splide-initialized ){margin-left:-5px;margin-right:-5px;}.kb-gallery-type-carousel.kb-gallery-id-1390_6d424d-dc .kt-blocks-carousel .kt-blocks-carousel-init:not( .splide-initialized ) .kb-slide-item{padding-left:5px;padding-right:5px;}.kb-gallery-id-1390_6d424d-dc .kadence-blocks-gallery-item .kb-gal-image-radius, .kb-gallery-id-1390_6d424d-dc .kb-slide-item .kb-gal-image-radius img{border-radius:0px 0px 0px 0px;;}.kb-gallery-caption-style-bottom.kb-gallery-id-1390_6d424d-dc .kadence-blocks-gallery-item .kadence-blocks-gallery-item-inner .kadence-blocks-gallery-item__caption, .kb-gallery-caption-style-bottom-hover.kb-gallery-id-1390_6d424d-dc .kadence-blocks-gallery-item .kadence-blocks-gallery-item-inner .kadence-blocks-gallery-item__caption{background:linear-gradient(0deg, rgba(0, 0, 0, 0.5) 0, rgba(0, 0, 0, 0) 100%);}.kb-gallery-wrap-id-1390_6d424d-dc.wp-block-kadence-advancedgallery{overflow:visible;}.kb-gallery-wrap-id-1390_6d424d-dc.wp-block-kadence-advancedgallery .kt-blocks-carousel{overflow:visible;}<\/style><div class=\"kb-gallery-wrap-id-1390_6d424d-dc alignnone wp-block-kadence-advancedgallery\"><div class=\"kb-gallery-ul kb-gallery-non-static kb-gallery-type-carousel kb-gallery-id-1390_6d424d-dc kb-gallery-caption-style-bottom-hover kb-gallery-filter-none\" data-image-filter=\"none\" data-lightbox-caption=\"true\"><div class=\"kt-blocks-carousel kt-carousel-container-dotstyle-dark\"><div class=\"kt-blocks-carousel-init kb-gallery-carousel kt-carousel-arrowstyle-whiteondark kt-carousel-dotstyle-dark kb-slider-group-arrow kb-slider-arrow-position-center\" data-columns-xxl=\"3\" data-columns-xl=\"3\" data-columns-md=\"3\" data-columns-sm=\"2\" data-columns-xs=\"1\" data-columns-ss=\"1\" data-slider-anim-speed=\"400\" data-slider-scroll=\"1\" data-slider-arrows=\"true\" data-slider-dots=\"true\" data-slider-hover-pause=\"false\" data-slider-auto=\"\" data-slider-speed=\"7000\" data-slider-gap=\"10px\" data-slider-gap-tablet=\"10px\" data-slider-gap-mobile=\"10px\" data-show-pause-button=\"false\" aria-label=\"Photo Gallery Carousel\"><li class=\"kb-slide-item kb-gallery-carousel-item\"><div class=\"kadence-blocks-gallery-item\"><div class=\"kadence-blocks-gallery-item-inner\"><figure class=\"kb-gallery-figure kadence-blocks-gallery-item-has-caption\"><div class=\"kb-gal-image-radius\"><div class=\"kb-gallery-image-contain kadence-blocks-gallery-intrinsic kb-gallery-image-ratio-land32 kb-has-image-ratio-land32\" ><img loading=\"lazy\" decoding=\"async\" src=\"https:\/\/mandoline.info\/wp-content\/uploads\/2025\/03\/matinee-2024-001.jpg\" width=\"852\" height=\"480\" alt=\"Duo 14strings Matinee Bad S\u00e4ckingen\" data-full-image=\"https:\/\/mandoline.info\/wp-content\/uploads\/2025\/03\/matinee-2024-001.jpg\" data-light-image=\"https:\/\/mandoline.info\/wp-content\/uploads\/2025\/03\/matinee-2024-001.jpg\" data-id=\"1397\" class=\"wp-image-1397 skip-lazy\" srcset=\"https:\/\/mandoline.info\/wp-content\/uploads\/2025\/03\/matinee-2024-001.jpg 852w, https:\/\/mandoline.info\/wp-content\/uploads\/2025\/03\/matinee-2024-001-300x169.jpg 300w, https:\/\/mandoline.info\/wp-content\/uploads\/2025\/03\/matinee-2024-001-768x433.jpg 768w\" sizes=\"auto, (max-width: 852px) 100vw, 852px\" \/><\/div><div class=\"kadence-blocks-gallery-item__caption\">Konzert in Bad S\u00e4ckingen<\/div><\/div><\/figure><\/div><\/div><\/li><li class=\"kb-slide-item kb-gallery-carousel-item\"><div class=\"kadence-blocks-gallery-item\"><div class=\"kadence-blocks-gallery-item-inner\"><figure class=\"kb-gallery-figure kadence-blocks-gallery-item-has-caption\"><div class=\"kb-gal-image-radius\"><div class=\"kb-gallery-image-contain kadence-blocks-gallery-intrinsic kb-gallery-image-ratio-land32 kb-has-image-ratio-land32\" ><img loading=\"lazy\" decoding=\"async\" src=\"https:\/\/mandoline.info\/wp-content\/uploads\/2025\/03\/auftritt-goldener-affe-02-1024x580.jpg\" width=\"1024\" height=\"580\" alt=\"\" data-full-image=\"https:\/\/mandoline.info\/wp-content\/uploads\/2025\/03\/auftritt-goldener-affe-02.jpg\" data-light-image=\"https:\/\/mandoline.info\/wp-content\/uploads\/2025\/03\/auftritt-goldener-affe-02.jpg\" data-id=\"1393\" class=\"wp-image-1393 skip-lazy\" srcset=\"https:\/\/mandoline.info\/wp-content\/uploads\/2025\/03\/auftritt-goldener-affe-02-1024x580.jpg 1024w, https:\/\/mandoline.info\/wp-content\/uploads\/2025\/03\/auftritt-goldener-affe-02-300x170.jpg 300w, https:\/\/mandoline.info\/wp-content\/uploads\/2025\/03\/auftritt-goldener-affe-02-768x435.jpg 768w, https:\/\/mandoline.info\/wp-content\/uploads\/2025\/03\/auftritt-goldener-affe-02.jpg 1514w\" sizes=\"auto, (max-width: 1024px) 100vw, 1024px\" \/><\/div><div class=\"kadence-blocks-gallery-item__caption\">Cafe Goldener Affe<\/div><\/div><\/figure><\/div><\/div><\/li><li class=\"kb-slide-item kb-gallery-carousel-item\"><div class=\"kadence-blocks-gallery-item\"><div class=\"kadence-blocks-gallery-item-inner\"><figure class=\"kb-gallery-figure kadence-blocks-gallery-item-has-caption\"><div class=\"kb-gal-image-radius\"><div class=\"kb-gallery-image-contain kadence-blocks-gallery-intrinsic kb-gallery-image-ratio-land32 kb-has-image-ratio-land32\" ><img loading=\"lazy\" decoding=\"async\" src=\"https:\/\/mandoline.info\/wp-content\/uploads\/2025\/03\/14-strings-hugstetten-bz.jpg\" width=\"998\" height=\"785\" alt=\"\" data-full-image=\"https:\/\/mandoline.info\/wp-content\/uploads\/2025\/03\/14-strings-hugstetten-bz.jpg\" data-light-image=\"https:\/\/mandoline.info\/wp-content\/uploads\/2025\/03\/14-strings-hugstetten-bz.jpg\" data-id=\"1392\" class=\"wp-image-1392 skip-lazy\" srcset=\"https:\/\/mandoline.info\/wp-content\/uploads\/2025\/03\/14-strings-hugstetten-bz.jpg 998w, https:\/\/mandoline.info\/wp-content\/uploads\/2025\/03\/14-strings-hugstetten-bz-300x236.jpg 300w, https:\/\/mandoline.info\/wp-content\/uploads\/2025\/03\/14-strings-hugstetten-bz-768x604.jpg 768w\" sizes=\"auto, (max-width: 998px) 100vw, 998px\" \/><\/div><div class=\"kadence-blocks-gallery-item__caption\">Englischer Garten in Hugstetten<\/div><\/div><\/figure><\/div><\/div><\/li><li class=\"kb-slide-item kb-gallery-carousel-item\"><div class=\"kadence-blocks-gallery-item\"><div class=\"kadence-blocks-gallery-item-inner\"><figure class=\"kb-gallery-figure kadence-blocks-gallery-item-has-caption\"><div class=\"kb-gal-image-radius\"><div class=\"kb-gallery-image-contain kadence-blocks-gallery-intrinsic kb-gallery-image-ratio-land32 kb-has-image-ratio-land32\" ><img loading=\"lazy\" decoding=\"async\" src=\"https:\/\/mandoline.info\/wp-content\/uploads\/2025\/03\/IMG-20231027-WA0000-johannes-michael-ausschnitt-1024x791.jpg\" width=\"1024\" height=\"791\" alt=\"\" data-full-image=\"https:\/\/mandoline.info\/wp-content\/uploads\/2025\/03\/IMG-20231027-WA0000-johannes-michael-ausschnitt.jpg\" data-light-image=\"https:\/\/mandoline.info\/wp-content\/uploads\/2025\/03\/IMG-20231027-WA0000-johannes-michael-ausschnitt.jpg\" data-id=\"1391\" class=\"wp-image-1391 skip-lazy\" srcset=\"https:\/\/mandoline.info\/wp-content\/uploads\/2025\/03\/IMG-20231027-WA0000-johannes-michael-ausschnitt-1024x791.jpg 1024w, https:\/\/mandoline.info\/wp-content\/uploads\/2025\/03\/IMG-20231027-WA0000-johannes-michael-ausschnitt-300x232.jpg 300w, https:\/\/mandoline.info\/wp-content\/uploads\/2025\/03\/IMG-20231027-WA0000-johannes-michael-ausschnitt-768x593.jpg 768w, https:\/\/mandoline.info\/wp-content\/uploads\/2025\/03\/IMG-20231027-WA0000-johannes-michael-ausschnitt.jpg 1203w\" sizes=\"auto, (max-width: 1024px) 100vw, 1024px\" \/><\/div><div class=\"kadence-blocks-gallery-item__caption\">Mehrgenerationenhaus<\/div><\/div><\/figure><\/div><\/div><\/li><li class=\"kb-slide-item kb-gallery-carousel-item\"><div class=\"kadence-blocks-gallery-item\"><div class=\"kadence-blocks-gallery-item-inner\"><figure class=\"kb-gallery-figure kadence-blocks-gallery-item-has-caption\"><div class=\"kb-gal-image-radius\"><div class=\"kb-gallery-image-contain kadence-blocks-gallery-intrinsic kb-gallery-image-ratio-land32 kb-has-image-ratio-land32\" ><img loading=\"lazy\" decoding=\"async\" src=\"https:\/\/mandoline.info\/wp-content\/uploads\/2025\/03\/bild02a.jpg\" width=\"958\" height=\"804\" alt=\"\" data-full-image=\"https:\/\/mandoline.info\/wp-content\/uploads\/2025\/03\/bild02a.jpg\" data-light-image=\"https:\/\/mandoline.info\/wp-content\/uploads\/2025\/03\/bild02a.jpg\" data-id=\"1402\" class=\"wp-image-1402 skip-lazy\" srcset=\"https:\/\/mandoline.info\/wp-content\/uploads\/2025\/03\/bild02a.jpg 958w, https:\/\/mandoline.info\/wp-content\/uploads\/2025\/03\/bild02a-300x252.jpg 300w, https:\/\/mandoline.info\/wp-content\/uploads\/2025\/03\/bild02a-768x645.jpg 768w\" sizes=\"auto, (max-width: 958px) 100vw, 958px\" \/><\/div><div class=\"kadence-blocks-gallery-item__caption\">Mehrgenerationenhaus<\/div><\/div><\/figure><\/div><\/div><\/li><\/div><\/div><\/div><\/div>\n\n\n<p>Das Duo 14strings wurde 2023 aus Anlass des Jahres der Mandoline gegr\u00fcndet.<\/p>\n\n\n\n<p>Michael Reichenbach gr\u00fcndete das Duo zusammen mit dem Gitarristen Johannes Boskamp. Der erste Auftritt fand beim Konzert zum Jahr der Mandoline im Mehrgenerationenhaus Freiburg-Weingarten statt.<\/p>\n\n\n\n<p>2024 trat das Duo mehrmals im Cafe &#8222;Goldener Affe&#8220; und bei zwei Konzerten im Englischen Garten in Hugstetten und im Schloss in Bad S\u00e4ckingen auf. Ausserdem wurde das Programm bei Stra\u00dfenmusik aufgef\u00fchrt.<\/p>\n\n\n\n<p>Michael Reichenbach pr\u00e4sentiert die Mandoline seit mehr als 20 Jahren im Internet &#8211; auf verschiedenen Webseiten, in den sozialen Medien und bei youtube.<\/p>\n\n\n\n<p>Johannes Boskamp ist seit vielen Jahren als klassischer Gitarrist aktiv, als Solist und als Spieler in verschiedenen Ensembles.<\/p>\n\n\n\n<h2 class=\"wp-block-heading\">Kemps Jig &#8211; Tanz aus dem 17. Jahrhundert<\/h2>\n\n\n\n<figure class=\"wp-block-embed is-type-video is-provider-youtube wp-block-embed-youtube wp-embed-aspect-16-9 wp-has-aspect-ratio\"><div class=\"wp-block-embed__wrapper\">\n<iframe loading=\"lazy\" title=\"Kemps Jig - Duo f\u00fcr Mandoline und Gitarre\" width=\"720\" height=\"405\" src=\"https:\/\/www.youtube.com\/embed\/FEt1gzwZxEk?feature=oembed\" frameborder=\"0\" allow=\"accelerometer; autoplay; clipboard-write; encrypted-media; gyroscope; picture-in-picture; web-share\" referrerpolicy=\"strict-origin-when-cross-origin\" allowfullscreen><\/iframe>\n<\/div><\/figure>\n\n\n\n<h2 class=\"wp-block-heading\">Oh Katia &#8211; Volkstanz aus Norditalien<\/h2>\n\n\n\n<figure class=\"wp-block-embed is-type-video is-provider-youtube wp-block-embed-youtube wp-embed-aspect-16-9 wp-has-aspect-ratio\"><div class=\"wp-block-embed__wrapper\">\n<iframe loading=\"lazy\" title=\"Oh Katia - Mandoline und Gitarre\" width=\"720\" height=\"405\" src=\"https:\/\/www.youtube.com\/embed\/Zxm1SSkl7KU?feature=oembed\" frameborder=\"0\" allow=\"accelerometer; autoplay; clipboard-write; encrypted-media; gyroscope; picture-in-picture; web-share\" referrerpolicy=\"strict-origin-when-cross-origin\" allowfullscreen><\/iframe>\n<\/div><\/figure>\n\n\n\n<h2 class=\"wp-block-heading\">Unser Programm<\/h2>\n\n\n\n<h5 class=\"wp-block-heading\">Volksmusik aus dem Tessin und Norditalien<\/h5>\n\n\n\n<h5 class=\"wp-block-heading\">T\u00e4nze und Volkst\u00e4nze aus dem 18. Jahrhundert &#8211; Klassik und Volkstanz<\/h5>\n\n\n\n<ul class=\"wp-block-list\">\n<li>Vulcano (Mario Cavallari)<\/li>\n\n\n\n<li>Oh Katia<\/li>\n\n\n\n<li>Idillio<\/li>\n<\/ul>\n\n\n\n<h5 class=\"wp-block-heading\">Die Fischer &#8211; f\u00fcr Melodieinstrument und Gitarre &#8211; bearb. Armin Schmidt&nbsp;<\/h5>\n\n\n\n<ul class=\"wp-block-list\">\n<li>Menuet<\/li>\n\n\n\n<li>Bourr\u00e9e<\/li>\n<\/ul>\n\n\n\n<h5 class=\"wp-block-heading\">Deutsche Volkst\u00e4nze um 1800,&nbsp; bearb. von Walter G\u00f6tze<\/h5>\n\n\n\n<ul class=\"wp-block-list\">\n<li>Schmiedetanz<\/li>\n\n\n\n<li>Der Uhraufzieher<\/li>\n<\/ul>\n\n\n\n<h5 class=\"wp-block-heading\">Bl\u00fctezeit der Mandoline &#8211; Italienische Musik um 1900<\/h5>\n\n\n\n<ul class=\"wp-block-list\">\n<li>Tarantella (Raffaele Calace)<\/li>\n\n\n\n<li>Bolero (Raffaele Calace)<\/li>\n\n\n\n<li>Bolero andaluso (Carlo Munier)<\/li>\n\n\n\n<li>Souvenir D&#8217;Espagne (Carlo Munier)<\/li>\n\n\n\n<li>Souvenir de Sicile (Salvator Leonardi)<\/li>\n\n\n\n<li>Variationen f\u00fcr Mandoline und Gitarre von Bartolomeo Bortolazzi<\/li>\n\n\n\n<li>Serenade f\u00fcr Mandoline und Gitarre (Clara Ross)<\/li>\n<\/ul>\n\n\n\n<h5 class=\"wp-block-heading\">Das besondere St\u00fcck aus der Klassik<\/h5>\n\n\n\n<ul class=\"wp-block-list\">\n<li>Serenata (Nicolo Paganini) (3:30)<\/li>\n\n\n\n<li>Duos von Ferdinando Carulli<\/li>\n<\/ul>\n\n\n\n<h5 class=\"wp-block-heading\">Die Mandoline in S\u00fcdamerika &#8211; Choro aus Brasilien<\/h5>\n\n\n\n<ul class=\"wp-block-list\">\n<li>Pacoca (Choro) von Chelso Machado <\/li>\n\n\n\n<li>Quebra Queixo (Choro) von Chelso Machado<\/li>\n\n\n\n<li>El Condor Pasa<\/li>\n\n\n\n<li>Five Songs of the Cuzco Indians &#8211; Musik aus Bolivien<\/li>\n\n\n\n<li>T\u00e4nze und Lieder aus Chile und Venezuela<\/li>\n<\/ul>\n\n\n\n<h5 class=\"wp-block-heading\">Bekannte Melodien \/ Filmmusik<\/h5>\n\n\n\n<ul class=\"wp-block-list\">\n<li>Cavatina (Stanley Myers) bearbeitet f\u00fcr Mandoline und Gitarre<\/li>\n\n\n\n<li>Godfather (Der Pate) &#8211; Love Theme <\/li>\n\n\n\n<li>Les Amantes Infideles &#8211; Valse musette<\/li>\n<\/ul>\n\n\n\n<h5 class=\"wp-block-heading\">Ragtime<\/h5>\n\n\n\n<ul class=\"wp-block-list\">\n<li>Zuckerwatten Rag (Michael Reichenbach) aus dem Heft &#8222;Bummel \u00fcber den Rummel&#8220; <\/li>\n<\/ul>\n\n\n\n<h5 class=\"wp-block-heading\">Salonmusik<\/h5>\n\n\n\n<ul class=\"wp-block-list\">\n<li>El Choclo &#8211; Tango von A. Villaldo<\/li>\n\n\n\n<li>Ole Guapa &#8211; Tango von Malando<\/li>\n<\/ul>\n\n\n\n<h5 class=\"wp-block-heading\">Lautenmusik aus der Renaissance<\/h5>\n\n\n\n<ul class=\"wp-block-list\">\n<li>Kemps Jig<\/li>\n\n\n\n<li>Allman (John Downland)<\/li>\n\n\n\n<li>Gaillarde &#8211; Pierre Phalese<\/li>\n<\/ul>\n\n\n\n<h5 class=\"wp-block-heading\">Musik von Johann Sebastian Bach<\/h5>\n\n\n\n<ul class=\"wp-block-list\">\n<li>Kleine Preludes<\/li>\n<\/ul>\n\n\n\n<p><\/p>\n\n\n\n<p>Weitere St\u00fccke in Vorbereitung. Das Programm kann durch Solost\u00fccke f\u00fcr klassische Gitarre oder f\u00fcr Mandoline erweitert werden.<\/p>\n","protected":false},"excerpt":{"rendered":"<p>Das Duo 14strings wurde 2023 aus Anlass des Jahres der Mandoline gegr\u00fcndet. Michael Reichenbach gr\u00fcndete das Duo zusammen mit dem Gitarristen Johannes Boskamp. Der erste Auftritt fand beim Konzert zum Jahr der Mandoline im Mehrgenerationenhaus Freiburg-Weingarten statt. 2024 trat das Duo mehrmals im Cafe &#8222;Goldener Affe&#8220; und bei zwei Konzerten im Englischen Garten in Hugstetten&#8230;<\/p>\n","protected":false},"author":1,"featured_media":1393,"parent":0,"menu_order":0,"comment_status":"closed","ping_status":"closed","template":"","meta":{"_kad_post_transparent":"","_kad_post_title":"","_kad_post_layout":"","_kad_post_sidebar_id":"","_kad_post_content_style":"","_kad_post_vertical_padding":"","_kad_post_feature":"","_kad_post_feature_position":"","_kad_post_header":false,"_kad_post_footer":false,"footnotes":""},"class_list":["post-1390","page","type-page","status-publish","has-post-thumbnail","hentry"],"jetpack_sharing_enabled":true,"_links":{"self":[{"href":"https:\/\/mandoline.info\/index.php?rest_route=\/wp\/v2\/pages\/1390","targetHints":{"allow":["GET"]}}],"collection":[{"href":"https:\/\/mandoline.info\/index.php?rest_route=\/wp\/v2\/pages"}],"about":[{"href":"https:\/\/mandoline.info\/index.php?rest_route=\/wp\/v2\/types\/page"}],"author":[{"embeddable":true,"href":"https:\/\/mandoline.info\/index.php?rest_route=\/wp\/v2\/users\/1"}],"replies":[{"embeddable":true,"href":"https:\/\/mandoline.info\/index.php?rest_route=%2Fwp%2Fv2%2Fcomments&post=1390"}],"version-history":[{"count":12,"href":"https:\/\/mandoline.info\/index.php?rest_route=\/wp\/v2\/pages\/1390\/revisions"}],"predecessor-version":[{"id":2266,"href":"https:\/\/mandoline.info\/index.php?rest_route=\/wp\/v2\/pages\/1390\/revisions\/2266"}],"wp:featuredmedia":[{"embeddable":true,"href":"https:\/\/mandoline.info\/index.php?rest_route=\/wp\/v2\/media\/1393"}],"wp:attachment":[{"href":"https:\/\/mandoline.info\/index.php?rest_route=%2Fwp%2Fv2%2Fmedia&parent=1390"}],"curies":[{"name":"wp","href":"https:\/\/api.w.org\/{rel}","templated":true}]}}